{"id":3,"date":"2023-06-01T01:15:27","date_gmt":"2023-06-01T06:15:27","guid":{"rendered":"http:\/\/cls-capital.local\/?page_id=3"},"modified":"2026-03-17T01:53:30","modified_gmt":"2026-03-17T05:53:30","slug":"privacy-policy-terms-and-conditions","status":"publish","type":"page","link":"https:\/\/capitalcls.com\/es\/privacy-policy-terms-and-conditions\/","title":{"rendered":"Privacy Policy &#8211; Terms and Conditions"},"content":{"rendered":"<div data-elementor-type=\"wp-page\" data-elementor-id=\"3\" class=\"elementor elementor-3\" data-elementor-post-type=\"page\">\n\t\t\t\t<div class=\"elementor-element elementor-element-7da85113 e-flex e-con-boxed e-con e-parent\" data-id=\"7da85113\" data-element_type=\"container\" data-e-type=\"container\">\n\t\t\t\t\t<div class=\"e-con-inner\">\n\t\t\t\t<div class=\"elementor-element elementor-element-36e2dd25 elementor-widget elementor-widget-text-editor\" data-id=\"36e2dd25\" data-element_type=\"widget\" data-e-type=\"widget\" data-widget_type=\"text-editor.default\">\n\t\t\t\t<div class=\"elementor-widget-container\">\n\t\t\t\t\t\t\t\t\t<h2 data-path-to-node=\"3\">1. Terms of Service (SMS Program)<\/h2><p data-path-to-node=\"4\"><b data-path-to-node=\"4\" data-index-in-node=\"0\">Capital CLS SMS Notifications<\/b> Capital CLS provides mobile alerts to clients and interested users. These messages include service reminders, appointment confirmations, real estate success updates, and notifications related to our services.<\/p><ul data-path-to-node=\"5\"><li><p data-path-to-node=\"5,0,0\"><b data-path-to-node=\"5,0,0\" data-index-in-node=\"0\">Opt-Out:<\/b> You can cancel the SMS service at any time. Simply text &#8220;<b data-path-to-node=\"5,0,0\" data-index-in-node=\"66\">STOP<\/b>&#8221; to the shortcode or number from which you receive messages. Upon sending &#8220;<b data-path-to-node=\"5,0,0\" data-index-in-node=\"146\">STOP<\/b>,&#8221; we will confirm your unsubscribe status via SMS. Following this confirmation, you will no longer receive SMS messages from us.<\/p><\/li><li><p data-path-to-node=\"5,1,0\"><b data-path-to-node=\"5,1,0\" data-index-in-node=\"0\">Rejoining:<\/b> To rejoin, sign up as you did initially through our website or forms, and we will resume sending SMS messages to you.<\/p><\/li><li><p data-path-to-node=\"5,2,0\"><b data-path-to-node=\"5,2,0\" data-index-in-node=\"0\">Help:<\/b> If you experience issues with the messaging program, reply with the keyword <b data-path-to-node=\"5,2,0\" data-index-in-node=\"82\">HELP<\/b> for more assistance, or reach out directly to <b data-path-to-node=\"5,2,0\" data-index-in-node=\"133\">support@capitalcls.com<\/b>.<\/p><\/li><li><p data-path-to-node=\"5,3,0\"><b data-path-to-node=\"5,3,0\" data-index-in-node=\"0\">Carrier Liability:<\/b> Carriers are not liable for delayed or undelivered messages.<\/p><\/li><li><p data-path-to-node=\"5,4,0\"><b data-path-to-node=\"5,4,0\" data-index-in-node=\"0\">Rates:<\/b> As always, message and data rates may apply for messages sent to you from us and to us from you. Message frequency varies. For questions about your text plan or data plan, contact your wireless provider.<\/p><\/li><li><p data-path-to-node=\"5,5,0\"><b data-path-to-node=\"5,5,0\" data-index-in-node=\"0\">Compliance:<\/b> This program complies with all industry standards regarding mobile messaging and data protection.<\/p><\/li><li><p data-path-to-node=\"5,6,0\"><b data-path-to-node=\"5,6,0\" data-index-in-node=\"0\">Privacy Link:<\/b> For privacy-related inquiries, please refer below to our privacy policy.<\/p><\/li><\/ul><hr data-path-to-node=\"6\" \/><h2 data-path-to-node=\"7\">2. Privacy Policy<\/h2><p data-path-to-node=\"8\"><b data-path-to-node=\"8\" data-index-in-node=\"0\">Privacy Policy &#8211; Capital CLS<\/b> At Capital CLS, we are committed to protecting the personal information of our users. This Privacy Policy explains how we collect, use, and safeguard personal data.<\/p><p data-path-to-node=\"9\"><b data-path-to-node=\"9\" data-index-in-node=\"0\">1. Information We Collect<\/b> We collect personal information voluntarily provided by users, including:<\/p><ul data-path-to-node=\"10\"><li><p data-path-to-node=\"10,0,0\">Full name<\/p><\/li><li><p data-path-to-node=\"10,1,0\">Phone number<\/p><\/li><li><p data-path-to-node=\"10,2,0\">Email address<\/p><\/li><li><p data-path-to-node=\"10,3,0\">Information submitted through our website forms, service applications, or digital marketing campaigns (Meta, Google Ads).<\/p><\/li><\/ul><p data-path-to-node=\"11\"><b data-path-to-node=\"11\" data-index-in-node=\"0\">2. Use of Information<\/b> The information provided is used to provide customer support, send requested communications, and manage service updates.<\/p><p data-path-to-node=\"12\"><b data-path-to-node=\"12\" data-index-in-node=\"0\">3. Data Protection and SMS Privacy (Mandatory Disclosure)<\/b> <b data-path-to-node=\"12\" data-index-in-node=\"58\">No mobile information will be shared with third parties\/affiliates for marketing\/promotional purposes. Information sharing to subcontractors in support services, such as customer service is permitted. All other use case categories exclude text messaging originator opt-in data and consent; this information will not be shared with any third parties.<\/b><\/p><p data-path-to-node=\"13\"><b data-path-to-node=\"13\" data-index-in-node=\"0\">4. Sharing and Disclosure<\/b> All the above categories exclude text messaging originator opt-in data and consent; this information will not be shared with any third parties, excluding aggregators and providers of the Text Message services. We do not provide your information to external entities for their independent marketing use.<\/p><p data-path-to-node=\"14\"><b data-path-to-node=\"14\" data-index-in-node=\"0\">5. Cookies and Tracking<\/b> Our website uses cookies for analytical and functional purposes to improve your user experience.<\/p><p data-path-to-node=\"15\"><b data-path-to-node=\"15\" data-index-in-node=\"0\">6. Contact Information<\/b> If you have questions regarding this Privacy Policy or wish to exercise your data rights, you may contact us at: <b data-path-to-node=\"15\" data-index-in-node=\"136\">support@capitalcls.com<\/b><\/p>\t\t\t\t\t\t\t\t<\/div>\n\t\t\t\t<\/div>\n\t\t\t\t\t<\/div>\n\t\t\t\t<\/div>\n\t\t\t\t<\/div>","protected":false},"excerpt":{"rendered":"<p>1. Terms of Service (SMS Program) Capital CLS SMS Notifications Capital CLS provides mobile alerts to clients and interested users. These messages include service reminders, appointment confirmations, real estate success updates, and notifications related to our services. Opt-Out: You can cancel the SMS service at any time. Simply text &#8220;STOP&#8221; to the shortcode or number [&hellip;]<\/p>\n","protected":false},"author":1,"featured_media":0,"parent":0,"menu_order":0,"comment_status":"closed","ping_status":"closed","template":"","meta":{"site-sidebar-layout":"default","site-content-layout":"","ast-site-content-layout":"default","site-content-style":"default","site-sidebar-style":"default","ast-global-header-display":"","ast-banner-title-visibility":"","ast-main-header-display":"","ast-hfb-above-header-display":"","ast-hfb-below-header-display":"","ast-hfb-mobile-header-display":"","site-post-title":"","ast-breadcrumbs-content":"","ast-featured-img":"","footer-sml-layout":"","ast-disable-related-posts":"","theme-transparent-header-meta":"","adv-header-id-meta":"","stick-header-meta":"","header-above-stick-meta":"","header-main-stick-meta":"","header-below-stick-meta":"","astra-migrate-meta-layouts":"set","ast-page-background-enabled":"default","ast-page-background-meta":{"desktop":{"background-color":"var(--ast-global-color-4)","background-image":"","background-repeat":"repeat","background-position":"center center","background-size":"auto","background-attachment":"scroll","background-type":"","background-media":"","overlay-type":"","overlay-color":"","overlay-opacity":"","overlay-gradient":""},"tablet":{"background-color":"","background-image":"","background-repeat":"repeat","background-position":"center center","background-size":"auto","background-attachment":"scroll","background-type":"","background-media":"","overlay-type":"","overlay-color":"","overlay-opacity":"","overlay-gradient":""},"mobile":{"background-color":"","background-image":"","background-repeat":"repeat","background-position":"center center","background-size":"auto","background-attachment":"scroll","background-type":"","background-media":"","overlay-type":"","overlay-color":"","overlay-opacity":"","overlay-gradient":""}},"ast-content-background-meta":{"desktop":{"background-color":"var(--ast-global-color-5)","background-image":"","background-repeat":"repeat","background-position":"center center","background-size":"auto","background-attachment":"scroll","background-type":"","background-media":"","overlay-type":"","overlay-color":"","overlay-opacity":"","overlay-gradient":""},"tablet":{"background-color":"var(--ast-global-color-5)","background-image":"","background-repeat":"repeat","background-position":"center center","background-size":"auto","background-attachment":"scroll","background-type":"","background-media":"","overlay-type":"","overlay-color":"","overlay-opacity":"","overlay-gradient":""},"mobile":{"background-color":"var(--ast-global-color-5)","background-image":"","background-repeat":"repeat","background-position":"center center","background-size":"auto","background-attachment":"scroll","background-type":"","background-media":"","overlay-type":"","overlay-color":"","overlay-opacity":"","overlay-gradient":""}},"footnotes":""},"class_list":["post-3","page","type-page","status-publish","hentry"],"yoast_head":"<!-- This site is optimized with the Yoast SEO plugin v26.9 - https:\/\/yoast.com\/product\/yoast-seo-wordpress\/ -->\n<title>Privacy Policy - Terms and Conditions - CLS Capital<\/title>\n<meta name=\"robots\" content=\"index, follow, max-snippet:-1, max-image-preview:large, max-video-preview:-1\" \/>\n<link rel=\"canonical\" href=\"https:\/\/capitalcls.com\/es\/privacy-policy-terms-and-conditions\/\" \/>\n<meta property=\"og:locale\" content=\"es_ES\" \/>\n<meta property=\"og:type\" content=\"article\" \/>\n<meta property=\"og:title\" content=\"Privacy Policy - Terms and Conditions - CLS Capital\" \/>\n<meta property=\"og:description\" content=\"1. Terms of Service (SMS Program) Capital CLS SMS Notifications Capital CLS provides mobile alerts to clients and interested users. These messages include service reminders, appointment confirmations, real estate success updates, and notifications related to our services. Opt-Out: You can cancel the SMS service at any time. Simply text &#8220;STOP&#8221; to the shortcode or number [&hellip;]\" \/>\n<meta property=\"og:url\" content=\"https:\/\/capitalcls.com\/es\/privacy-policy-terms-and-conditions\/\" \/>\n<meta property=\"og:site_name\" content=\"CLS Capital\" \/>\n<meta property=\"article:modified_time\" content=\"2026-03-17T05:53:30+00:00\" \/>\n<meta name=\"twitter:card\" content=\"summary_large_image\" \/>\n<meta name=\"twitter:label1\" content=\"Tiempo de lectura\" \/>\n\t<meta name=\"twitter:data1\" content=\"2 minutos\" \/>\n<script type=\"application\/ld+json\" class=\"yoast-schema-graph\">{\"@context\":\"https:\/\/schema.org\",\"@graph\":[{\"@type\":\"WebPage\",\"@id\":\"https:\/\/capitalcls.com\/privacy-policy-terms-and-conditions\/\",\"url\":\"https:\/\/capitalcls.com\/privacy-policy-terms-and-conditions\/\",\"name\":\"Privacy Policy - Terms and Conditions - CLS Capital\",\"isPartOf\":{\"@id\":\"https:\/\/capitalcls.com\/#website\"},\"datePublished\":\"2023-06-01T06:15:27+00:00\",\"dateModified\":\"2026-03-17T05:53:30+00:00\",\"breadcrumb\":{\"@id\":\"https:\/\/capitalcls.com\/privacy-policy-terms-and-conditions\/#breadcrumb\"},\"inLanguage\":\"es\",\"potentialAction\":[{\"@type\":\"ReadAction\",\"target\":[\"https:\/\/capitalcls.com\/privacy-policy-terms-and-conditions\/\"]}]},{\"@type\":\"BreadcrumbList\",\"@id\":\"https:\/\/capitalcls.com\/privacy-policy-terms-and-conditions\/#breadcrumb\",\"itemListElement\":[{\"@type\":\"ListItem\",\"position\":1,\"name\":\"Home\",\"item\":\"https:\/\/capitalcls.com\/\"},{\"@type\":\"ListItem\",\"position\":2,\"name\":\"Privacy Policy &#8211; Terms and Conditions\"}]},{\"@type\":\"WebSite\",\"@id\":\"https:\/\/capitalcls.com\/#website\",\"url\":\"https:\/\/capitalcls.com\/\",\"name\":\"CLS Capital\",\"description\":\"Invierte sin l\u00edmites, con cr\u00e9dito que impulsa tus sue\u00f1os.\",\"publisher\":{\"@id\":\"https:\/\/capitalcls.com\/#organization\"},\"potentialAction\":[{\"@type\":\"SearchAction\",\"target\":{\"@type\":\"EntryPoint\",\"urlTemplate\":\"https:\/\/capitalcls.com\/?s={search_term_string}\"},\"query-input\":{\"@type\":\"PropertyValueSpecification\",\"valueRequired\":true,\"valueName\":\"search_term_string\"}}],\"inLanguage\":\"es\"},{\"@type\":\"Organization\",\"@id\":\"https:\/\/capitalcls.com\/#organization\",\"name\":\"CLS Capital\",\"url\":\"https:\/\/capitalcls.com\/\",\"logo\":{\"@type\":\"ImageObject\",\"inLanguage\":\"es\",\"@id\":\"https:\/\/capitalcls.com\/#\/schema\/logo\/image\/\",\"url\":\"https:\/\/capitalcls.com\/wp-content\/uploads\/2023\/11\/Proyecto-nuevo-1.png\",\"contentUrl\":\"https:\/\/capitalcls.com\/wp-content\/uploads\/2023\/11\/Proyecto-nuevo-1.png\",\"width\":712,\"height\":250,\"caption\":\"CLS Capital\"},\"image\":{\"@id\":\"https:\/\/capitalcls.com\/#\/schema\/logo\/image\/\"}}]}<\/script>\n<!-- \/ Yoast SEO plugin. -->","yoast_head_json":{"title":"Privacy Policy - Terms and Conditions - CLS Capital","robots":{"index":"index","follow":"follow","max-snippet":"max-snippet:-1","max-image-preview":"max-image-preview:large","max-video-preview":"max-video-preview:-1"},"canonical":"https:\/\/capitalcls.com\/es\/privacy-policy-terms-and-conditions\/","og_locale":"es_ES","og_type":"article","og_title":"Privacy Policy - Terms and Conditions - CLS Capital","og_description":"1. Terms of Service (SMS Program) Capital CLS SMS Notifications Capital CLS provides mobile alerts to clients and interested users. These messages include service reminders, appointment confirmations, real estate success updates, and notifications related to our services. Opt-Out: You can cancel the SMS service at any time. Simply text &#8220;STOP&#8221; to the shortcode or number [&hellip;]","og_url":"https:\/\/capitalcls.com\/es\/privacy-policy-terms-and-conditions\/","og_site_name":"CLS Capital","article_modified_time":"2026-03-17T05:53:30+00:00","twitter_card":"summary_large_image","twitter_misc":{"Tiempo de lectura":"2 minutos"},"schema":{"@context":"https:\/\/schema.org","@graph":[{"@type":"WebPage","@id":"https:\/\/capitalcls.com\/privacy-policy-terms-and-conditions\/","url":"https:\/\/capitalcls.com\/privacy-policy-terms-and-conditions\/","name":"Privacy Policy - Terms and Conditions - CLS Capital","isPartOf":{"@id":"https:\/\/capitalcls.com\/#website"},"datePublished":"2023-06-01T06:15:27+00:00","dateModified":"2026-03-17T05:53:30+00:00","breadcrumb":{"@id":"https:\/\/capitalcls.com\/privacy-policy-terms-and-conditions\/#breadcrumb"},"inLanguage":"es","potentialAction":[{"@type":"ReadAction","target":["https:\/\/capitalcls.com\/privacy-policy-terms-and-conditions\/"]}]},{"@type":"BreadcrumbList","@id":"https:\/\/capitalcls.com\/privacy-policy-terms-and-conditions\/#breadcrumb","itemListElement":[{"@type":"ListItem","position":1,"name":"Home","item":"https:\/\/capitalcls.com\/"},{"@type":"ListItem","position":2,"name":"Privacy Policy &#8211; Terms and Conditions"}]},{"@type":"WebSite","@id":"https:\/\/capitalcls.com\/#website","url":"https:\/\/capitalcls.com\/","name":"CLS Capital","description":"Invierte sin l\u00edmites, con cr\u00e9dito que impulsa tus sue\u00f1os.","publisher":{"@id":"https:\/\/capitalcls.com\/#organization"},"potentialAction":[{"@type":"SearchAction","target":{"@type":"EntryPoint","urlTemplate":"https:\/\/capitalcls.com\/?s={search_term_string}"},"query-input":{"@type":"PropertyValueSpecification","valueRequired":true,"valueName":"search_term_string"}}],"inLanguage":"es"},{"@type":"Organization","@id":"https:\/\/capitalcls.com\/#organization","name":"CLS Capital","url":"https:\/\/capitalcls.com\/","logo":{"@type":"ImageObject","inLanguage":"es","@id":"https:\/\/capitalcls.com\/#\/schema\/logo\/image\/","url":"https:\/\/capitalcls.com\/wp-content\/uploads\/2023\/11\/Proyecto-nuevo-1.png","contentUrl":"https:\/\/capitalcls.com\/wp-content\/uploads\/2023\/11\/Proyecto-nuevo-1.png","width":712,"height":250,"caption":"CLS Capital"},"image":{"@id":"https:\/\/capitalcls.com\/#\/schema\/logo\/image\/"}}]}},"_links":{"self":[{"href":"https:\/\/capitalcls.com\/es\/wp-json\/wp\/v2\/pages\/3","targetHints":{"allow":["GET"]}}],"collection":[{"href":"https:\/\/capitalcls.com\/es\/wp-json\/wp\/v2\/pages"}],"about":[{"href":"https:\/\/capitalcls.com\/es\/wp-json\/wp\/v2\/types\/page"}],"author":[{"embeddable":true,"href":"https:\/\/capitalcls.com\/es\/wp-json\/wp\/v2\/users\/1"}],"replies":[{"embeddable":true,"href":"https:\/\/capitalcls.com\/es\/wp-json\/wp\/v2\/comments?post=3"}],"version-history":[{"count":29,"href":"https:\/\/capitalcls.com\/es\/wp-json\/wp\/v2\/pages\/3\/revisions"}],"predecessor-version":[{"id":2412,"href":"https:\/\/capitalcls.com\/es\/wp-json\/wp\/v2\/pages\/3\/revisions\/2412"}],"wp:attachment":[{"href":"https:\/\/capitalcls.com\/es\/wp-json\/wp\/v2\/media?parent=3"}],"curies":[{"name":"wp","href":"https:\/\/api.w.org\/{rel}","templated":true}]}}